{"id":4852,"date":"2022-07-22T14:27:12","date_gmt":"2022-07-22T12:27:12","guid":{"rendered":"https:\/\/g-art.lu\/cookie-richtlinie"},"modified":"2023-03-09T11:15:28","modified_gmt":"2023-03-09T10:15:28","slug":"cookie-richtlinie","status":"publish","type":"page","link":"https:\/\/g-art.lu\/de\/cookie-richtlinie","title":{"rendered":"Cookie-Richtlinie"},"content":{"rendered":"\t\t<div data-elementor-type=\"wp-page\" data-elementor-id=\"4852\" class=\"elementor elementor-4852 elementor-3000\" data-elementor-post-type=\"page\">\n\t\t\t\t\t\t<section class=\"elementor-section elementor-top-section elementor-element elementor-element-f6034dc elementor-section-boxed elementor-section-height-default elementor-section-height-default\" data-id=\"f6034dc\" data-element_type=\"section\">\n\t\t\t\t\t\t<div class=\"elementor-container elementor-column-gap-default\">\n\t\t\t\t\t<div class=\"elementor-column elementor-col-100 elementor-top-column elementor-element elementor-element-9ca6d2d\" data-id=\"9ca6d2d\" data-element_type=\"column\">\n\t\t\t<div class=\"elementor-widget-wrap elementor-element-populated\">\n\t\t\t\t\t\t<div class=\"elementor-element elementor-element-9e9eece elementor-widget elementor-widget-heading\" data-id=\"9e9eece\" data-element_type=\"widget\" data-widget_type=\"heading.default\">\n\t\t\t\t<div class=\"elementor-widget-container\">\n\t\t\t<style>\/*! elementor - v3.23.0 - 15-07-2024 *\/\n.elementor-heading-title{padding:0;margin:0;line-height:1}.elementor-widget-heading .elementor-heading-title[class*=elementor-size-]>a{color:inherit;font-size:inherit;line-height:inherit}.elementor-widget-heading .elementor-heading-title.elementor-size-small{font-size:15px}.elementor-widget-heading .elementor-heading-title.elementor-size-medium{font-size:19px}.elementor-widget-heading .elementor-heading-title.elementor-size-large{font-size:29px}.elementor-widget-heading .elementor-heading-title.elementor-size-xl{font-size:39px}.elementor-widget-heading .elementor-heading-title.elementor-size-xxl{font-size:59px}<\/style><h1 class=\"elementor-heading-title elementor-size-default\">G-ART Cookie-Richtlinie<\/h1>\t\t<\/div>\n\t\t\t\t<\/div>\n\t\t\t\t<div class=\"elementor-element elementor-element-1a7d212 elementor-widget elementor-widget-text-editor\" data-id=\"1a7d212\" data-element_type=\"widget\" data-widget_type=\"text-editor.default\">\n\t\t\t\t<div class=\"elementor-widget-container\">\n\t\t\t<style>\/*! elementor - v3.23.0 - 15-07-2024 *\/\n.elementor-widget-text-editor.elementor-drop-cap-view-stacked .elementor-drop-cap{background-color:#69727d;color:#fff}.elementor-widget-text-editor.elementor-drop-cap-view-framed .elementor-drop-cap{color:#69727d;border:3px solid;background-color:transparent}.elementor-widget-text-editor:not(.elementor-drop-cap-view-default) .elementor-drop-cap{margin-top:8px}.elementor-widget-text-editor:not(.elementor-drop-cap-view-default) .elementor-drop-cap-letter{width:1em;height:1em}.elementor-widget-text-editor .elementor-drop-cap{float:left;text-align:center;line-height:1;font-size:50px}.elementor-widget-text-editor .elementor-drop-cap-letter{display:inline-block}<\/style>\t\t\t\t<div class=\"cli_pg_page_contaner\"><div>Diese Cookie-Richtlinie erkl\u00e4rt, was Cookies sind und wie wir sie verwenden, welche Arten von Cookies wir verwenden, d. h. welche Informationen wir mithilfe von Cookies sammeln und wie diese Informationen verwendet werden, und wie Sie die Cookie-Einstellungen steuern k\u00f6nnen. Weitere Informationen dar\u00fcber, wie wir Ihre pers\u00f6nlichen Daten verwenden, speichern und sch\u00fctzen, finden Sie in unserer Datenschutzrichtlinie. Sie k\u00f6nnen Ihre Zustimmung zur Cookie-Erkl\u00e4rung auf unserer Website jederzeit \u00e4ndern oder widerrufen. Weitere Informationen dar\u00fcber, wer wir sind, wie Sie uns kontaktieren k\u00f6nnen und wie wir mit pers\u00f6nlichen Daten umgehen, finden Sie in unserer Datenschutzrichtlinie. Ihre Einwilligung gilt f\u00fcr folgende Domains: g-art.lu<\/div><h3>\u00a0<\/h3><h2><strong>Was sind Cookies?<\/strong><\/h2><div>Cookies sind kleine Textdateien, die dazu dienen, kleine Informationen zu speichern. Sie werden auf Ihrem Ger\u00e4t gespeichert, wenn die Website in Ihrem Browser geladen wird. Diese Cookies helfen uns dabei, die Website ordnungsgem\u00e4\u00df zu betreiben, sie sicherer zu machen, dem Nutzer eine bessere Erfahrung zu bieten, die Leistung der Website zu verstehen und zu analysieren, was funktioniert und was verbessert werden muss.<\/div><h3>\u00a0<\/h3><h2><strong>Wie verwenden wir Cookies?<\/strong><\/h2><div>Wie die meisten Online-Dienste verwendet unsere Website First-Party- und Third-Party-Cookies f\u00fcr verschiedene Zwecke. First-Party-Cookies sind in erster Linie f\u00fcr das ordnungsgem\u00e4\u00dfe Funktionieren der Website erforderlich und erfassen keine Ihrer pers\u00f6nlich identifizierbaren Daten. Die auf unserer Website verwendeten Cookies von Drittanbietern dienen in erster Linie dazu, zu verstehen, wie die Website funktioniert, wie Sie mit unserer Website interagieren, die Sicherheit unserer Dienste zu gew\u00e4hrleisten, Werbung zu liefern, die f\u00fcr Sie relevant ist, und insgesamt dazu, Ihnen eine bessere und verbesserte Nutzererfahrung zu bieten und Ihre zuk\u00fcnftigen Interaktionen mit unserer Website zu beschleunigen.<\/div><h3>\u00a0<\/h3><h2><strong>Welche Arten von Cookies verwenden wir?<\/strong><\/h2><div><strong>Wesentlich:<\/strong> Einige Cookies sind wesentlich, damit Sie alle Funktionen unserer Website nutzen k\u00f6nnen. Sie erm\u00f6glichen es uns, die Nutzersitzungen aufrechtzuerhalten und Sicherheitsbedrohungen zu verhindern. Sie sammeln oder speichern keine pers\u00f6nlichen Informationen. Diese Cookies erm\u00f6glichen es Ihnen beispielsweise, sich in Ihr Konto einzuloggen, Produkte in Ihren Warenkorb zu legen und sicher zur Kasse zu gehen.<\/div><div>\u00a0<\/div><div><strong>Statistiken:<\/strong> Diese Cookies speichern Informationen wie die Anzahl der Besucher der Website, die Anzahl der eindeutigen Besucher, die Seiten der Website, die besucht wurden, die Quelle des Besuchs etc. Diese Daten helfen uns, zu verstehen und zu analysieren, wie die Website funktioniert und was wir verbessern k\u00f6nnen.<\/div><div>\u00a0<\/div><div><strong>Marketing:<\/strong> Auf unserer Website werden Werbeanzeigen eingeblendet. Diese Cookies werden verwendet, um die Werbung, die wir Ihnen zeigen, so anzupassen, dass sie f\u00fcr Sie bedeutsam ist. Diese Cookies helfen uns auch dabei, die Wirksamkeit dieser Werbekampagnen zu verfolgen. Die in diesen Cookies gespeicherten Informationen k\u00f6nnen auch von Drittanbietern von Werbung verwendet werden, um Ihnen Werbung auf anderen Webseiten im Browser anzuzeigen.<\/div><div>\u00a0<\/div><div><strong>Funktional:<\/strong> Dies sind Cookies, die es erm\u00f6glichen, bestimmte nicht unbedingt erforderliche Funktionen unserer Website zu nutzen. Diese Funktionen umfassen die Einbindung von Inhalten wie Videos oder das Teilen von Inhalten der Website auf Social-Media-Plattformen.<\/div><div>\u00a0<\/div><div>Pr\u00e4ferenzen<strong>:<\/strong> Diese Cookies helfen uns dabei, Ihre Einstellungen und Browserpr\u00e4ferenzen, wie z. B. die Sprache, zu speichern, damit Sie bei Ihren n\u00e4chsten Besuchen auf der Website eine bessere Erfahrung machen k\u00f6nnen.<\/div><\/div>\t\t\t\t\t\t<\/div>\n\t\t\t\t<\/div>\n\t\t\t\t\t<\/div>\n\t\t<\/div>\n\t\t\t\t\t<\/div>\n\t\t<\/section>\n\t\t\t\t<\/div>\n\t\t","protected":false},"excerpt":{"rendered":"<p>G-ART Cookie-Richtlinie Diese Cookie-Richtlinie erkl\u00e4rt, was Cookies sind und wie wir sie verwenden, welche Arten von Cookies wir verwenden, d. h. welche Informationen wir mithilfe von Cookies sammeln und wie diese Informationen verwendet werden, und wie Sie die Cookie-Einstellungen steuern k\u00f6nnen. Weitere Informationen dar\u00fcber, wie wir Ihre pers\u00f6nlichen Daten verwenden, speichern und sch\u00fctzen, finden Sie [&hellip;]<\/p>\n","protected":false},"author":4,"featured_media":0,"parent":0,"menu_order":0,"comment_status":"closed","ping_status":"closed","template":"elementor_header_footer","meta":{"_acf_changed":false,"inline_featured_image":false,"footnotes":""},"class_list":["post-4852","page","type-page","status-publish","hentry"],"acf":[],"yoast_head":"<!-- This site is optimized with the Yoast SEO plugin v23.1 - https:\/\/yoast.com\/wordpress\/plugins\/seo\/ -->\n<title>Cookie-Richtlinie - G-ART Luxembourg<\/title>\n<meta name=\"robots\" content=\"index, follow, max-snippet:-1, max-image-preview:large, max-video-preview:-1\" \/>\n<link rel=\"canonical\" href=\"https:\/\/g-art.lu\/de\/cookie-richtlinie\" \/>\n<meta property=\"og:locale\" content=\"de_DE\" \/>\n<meta property=\"og:type\" content=\"article\" \/>\n<meta property=\"og:title\" content=\"Cookie-Richtlinie - G-ART Luxembourg\" \/>\n<meta property=\"og:description\" content=\"G-ART Cookie-Richtlinie Diese Cookie-Richtlinie erkl\u00e4rt, was Cookies sind und wie wir sie verwenden, welche Arten von Cookies wir verwenden, d. h. welche Informationen wir mithilfe von Cookies sammeln und wie diese Informationen verwendet werden, und wie Sie die Cookie-Einstellungen steuern k\u00f6nnen. Weitere Informationen dar\u00fcber, wie wir Ihre pers\u00f6nlichen Daten verwenden, speichern und sch\u00fctzen, finden Sie [&hellip;]\" \/>\n<meta property=\"og:url\" content=\"https:\/\/g-art.lu\/de\/cookie-richtlinie\" \/>\n<meta property=\"og:site_name\" content=\"G-ART Luxembourg\" \/>\n<meta property=\"article:publisher\" content=\"https:\/\/www.facebook.com\/people\/G-art\/100063485375461\/\" \/>\n<meta property=\"article:modified_time\" content=\"2023-03-09T10:15:28+00:00\" \/>\n<meta name=\"twitter:card\" content=\"summary_large_image\" \/>\n<meta name=\"twitter:label1\" content=\"Gesch\u00e4tzte Lesezeit\" \/>\n\t<meta name=\"twitter:data1\" content=\"3 Minuten\" \/>\n<script type=\"application\/ld+json\" class=\"yoast-schema-graph\">{\"@context\":\"https:\/\/schema.org\",\"@graph\":[{\"@type\":\"WebPage\",\"@id\":\"https:\/\/g-art.lu\/de\/cookie-richtlinie\",\"url\":\"https:\/\/g-art.lu\/de\/cookie-richtlinie\",\"name\":\"Cookie-Richtlinie - G-ART Luxembourg\",\"isPartOf\":{\"@id\":\"https:\/\/g-art.lu\/de#website\"},\"datePublished\":\"2022-07-22T12:27:12+00:00\",\"dateModified\":\"2023-03-09T10:15:28+00:00\",\"inLanguage\":\"de-DE\",\"potentialAction\":[{\"@type\":\"ReadAction\",\"target\":[\"https:\/\/g-art.lu\/de\/cookie-richtlinie\"]}]},{\"@type\":\"WebSite\",\"@id\":\"https:\/\/g-art.lu\/de#website\",\"url\":\"https:\/\/g-art.lu\/de\",\"name\":\"G-ART Luxembourg\",\"description\":\"We print sportswear \",\"publisher\":{\"@id\":\"https:\/\/g-art.lu\/de#organization\"},\"potentialAction\":[{\"@type\":\"SearchAction\",\"target\":{\"@type\":\"EntryPoint\",\"urlTemplate\":\"https:\/\/g-art.lu\/de?s={search_term_string}\"},\"query-input\":\"required name=search_term_string\"}],\"inLanguage\":\"de-DE\"},{\"@type\":\"Organization\",\"@id\":\"https:\/\/g-art.lu\/de#organization\",\"name\":\"G-ART Luxembourg\",\"url\":\"https:\/\/g-art.lu\/de\",\"logo\":{\"@type\":\"ImageObject\",\"inLanguage\":\"de-DE\",\"@id\":\"https:\/\/g-art.lu\/de#\/schema\/logo\/image\/\",\"url\":\"https:\/\/g-art.lu\/wp-content\/uploads\/2022\/05\/new-g-art-logo-black.svg\",\"contentUrl\":\"https:\/\/g-art.lu\/wp-content\/uploads\/2022\/05\/new-g-art-logo-black.svg\",\"width\":1180,\"height\":500,\"caption\":\"G-ART Luxembourg\"},\"image\":{\"@id\":\"https:\/\/g-art.lu\/de#\/schema\/logo\/image\/\"},\"sameAs\":[\"https:\/\/www.facebook.com\/people\/G-art\/100063485375461\/\"]}]}<\/script>\n<!-- \/ Yoast SEO plugin. -->","yoast_head_json":{"title":"Cookie-Richtlinie - G-ART Luxembourg","robots":{"index":"index","follow":"follow","max-snippet":"max-snippet:-1","max-image-preview":"max-image-preview:large","max-video-preview":"max-video-preview:-1"},"canonical":"https:\/\/g-art.lu\/de\/cookie-richtlinie","og_locale":"de_DE","og_type":"article","og_title":"Cookie-Richtlinie - G-ART Luxembourg","og_description":"G-ART Cookie-Richtlinie Diese Cookie-Richtlinie erkl\u00e4rt, was Cookies sind und wie wir sie verwenden, welche Arten von Cookies wir verwenden, d. h. welche Informationen wir mithilfe von Cookies sammeln und wie diese Informationen verwendet werden, und wie Sie die Cookie-Einstellungen steuern k\u00f6nnen. Weitere Informationen dar\u00fcber, wie wir Ihre pers\u00f6nlichen Daten verwenden, speichern und sch\u00fctzen, finden Sie [&hellip;]","og_url":"https:\/\/g-art.lu\/de\/cookie-richtlinie","og_site_name":"G-ART Luxembourg","article_publisher":"https:\/\/www.facebook.com\/people\/G-art\/100063485375461\/","article_modified_time":"2023-03-09T10:15:28+00:00","twitter_card":"summary_large_image","twitter_misc":{"Gesch\u00e4tzte Lesezeit":"3 Minuten"},"schema":{"@context":"https:\/\/schema.org","@graph":[{"@type":"WebPage","@id":"https:\/\/g-art.lu\/de\/cookie-richtlinie","url":"https:\/\/g-art.lu\/de\/cookie-richtlinie","name":"Cookie-Richtlinie - G-ART Luxembourg","isPartOf":{"@id":"https:\/\/g-art.lu\/de#website"},"datePublished":"2022-07-22T12:27:12+00:00","dateModified":"2023-03-09T10:15:28+00:00","inLanguage":"de-DE","potentialAction":[{"@type":"ReadAction","target":["https:\/\/g-art.lu\/de\/cookie-richtlinie"]}]},{"@type":"WebSite","@id":"https:\/\/g-art.lu\/de#website","url":"https:\/\/g-art.lu\/de","name":"G-ART Luxembourg","description":"We print sportswear ","publisher":{"@id":"https:\/\/g-art.lu\/de#organization"},"potentialAction":[{"@type":"SearchAction","target":{"@type":"EntryPoint","urlTemplate":"https:\/\/g-art.lu\/de?s={search_term_string}"},"query-input":"required name=search_term_string"}],"inLanguage":"de-DE"},{"@type":"Organization","@id":"https:\/\/g-art.lu\/de#organization","name":"G-ART Luxembourg","url":"https:\/\/g-art.lu\/de","logo":{"@type":"ImageObject","inLanguage":"de-DE","@id":"https:\/\/g-art.lu\/de#\/schema\/logo\/image\/","url":"https:\/\/g-art.lu\/wp-content\/uploads\/2022\/05\/new-g-art-logo-black.svg","contentUrl":"https:\/\/g-art.lu\/wp-content\/uploads\/2022\/05\/new-g-art-logo-black.svg","width":1180,"height":500,"caption":"G-ART Luxembourg"},"image":{"@id":"https:\/\/g-art.lu\/de#\/schema\/logo\/image\/"},"sameAs":["https:\/\/www.facebook.com\/people\/G-art\/100063485375461\/"]}]}},"_links":{"self":[{"href":"https:\/\/g-art.lu\/de\/wp-json\/wp\/v2\/pages\/4852"}],"collection":[{"href":"https:\/\/g-art.lu\/de\/wp-json\/wp\/v2\/pages"}],"about":[{"href":"https:\/\/g-art.lu\/de\/wp-json\/wp\/v2\/types\/page"}],"author":[{"embeddable":true,"href":"https:\/\/g-art.lu\/de\/wp-json\/wp\/v2\/users\/4"}],"replies":[{"embeddable":true,"href":"https:\/\/g-art.lu\/de\/wp-json\/wp\/v2\/comments?post=4852"}],"version-history":[{"count":11,"href":"https:\/\/g-art.lu\/de\/wp-json\/wp\/v2\/pages\/4852\/revisions"}],"predecessor-version":[{"id":8119,"href":"https:\/\/g-art.lu\/de\/wp-json\/wp\/v2\/pages\/4852\/revisions\/8119"}],"wp:attachment":[{"href":"https:\/\/g-art.lu\/de\/wp-json\/wp\/v2\/media?parent=4852"}],"curies":[{"name":"wp","href":"https:\/\/api.w.org\/{rel}","templated":true}]}}