{"id":4855,"date":"2022-07-22T14:26:51","date_gmt":"2022-07-22T12:26:51","guid":{"rendered":"https:\/\/g-art.lu\/datenschutzrichtlinie"},"modified":"2022-10-24T15:39:09","modified_gmt":"2022-10-24T13:39:09","slug":"datenschutzrichtlinie","status":"publish","type":"page","link":"https:\/\/g-art.lu\/de\/datenschutzrichtlinie","title":{"rendered":"Datenschutzrichtlinie"},"content":{"rendered":"\t\t<div data-elementor-type=\"wp-page\" data-elementor-id=\"4855\" class=\"elementor elementor-4855 elementor-2998\" data-elementor-post-type=\"page\">\n\t\t\t\t\t\t<section class=\"elementor-section elementor-top-section elementor-element elementor-element-f27f409 elementor-section-boxed elementor-section-height-default elementor-section-height-default\" data-id=\"f27f409\" data-element_type=\"section\">\n\t\t\t\t\t\t<div class=\"elementor-container elementor-column-gap-default\">\n\t\t\t\t\t<div class=\"elementor-column elementor-col-100 elementor-top-column elementor-element elementor-element-6a0f6aa\" data-id=\"6a0f6aa\" data-element_type=\"column\">\n\t\t\t<div class=\"elementor-widget-wrap elementor-element-populated\">\n\t\t\t\t\t\t<div class=\"elementor-element elementor-element-342e874 elementor-widget elementor-widget-heading\" data-id=\"342e874\" data-element_type=\"widget\" data-widget_type=\"heading.default\">\n\t\t\t\t<div class=\"elementor-widget-container\">\n\t\t\t<style>\/*! elementor - v3.23.0 - 15-07-2024 *\/\n.elementor-heading-title{padding:0;margin:0;line-height:1}.elementor-widget-heading .elementor-heading-title[class*=elementor-size-]>a{color:inherit;font-size:inherit;line-height:inherit}.elementor-widget-heading .elementor-heading-title.elementor-size-small{font-size:15px}.elementor-widget-heading .elementor-heading-title.elementor-size-medium{font-size:19px}.elementor-widget-heading .elementor-heading-title.elementor-size-large{font-size:29px}.elementor-widget-heading .elementor-heading-title.elementor-size-xl{font-size:39px}.elementor-widget-heading .elementor-heading-title.elementor-size-xxl{font-size:59px}<\/style><h2 class=\"elementor-heading-title elementor-size-default\">G-ART Datenschutzrichtlinie<\/h2>\t\t<\/div>\n\t\t\t\t<\/div>\n\t\t\t\t<div class=\"elementor-element elementor-element-002da8c elementor-widget elementor-widget-text-editor\" data-id=\"002da8c\" data-element_type=\"widget\" data-widget_type=\"text-editor.default\">\n\t\t\t\t<div class=\"elementor-widget-container\">\n\t\t\t<style>\/*! elementor - v3.23.0 - 15-07-2024 *\/\n.elementor-widget-text-editor.elementor-drop-cap-view-stacked .elementor-drop-cap{background-color:#69727d;color:#fff}.elementor-widget-text-editor.elementor-drop-cap-view-framed .elementor-drop-cap{color:#69727d;border:3px solid;background-color:transparent}.elementor-widget-text-editor:not(.elementor-drop-cap-view-default) .elementor-drop-cap{margin-top:8px}.elementor-widget-text-editor:not(.elementor-drop-cap-view-default) .elementor-drop-cap-letter{width:1em;height:1em}.elementor-widget-text-editor .elementor-drop-cap{float:left;text-align:center;line-height:1;font-size:50px}.elementor-widget-text-editor .elementor-drop-cap-letter{display:inline-block}<\/style>\t\t\t\t<span data-contrast=\"auto\">Diese Datenschutzrichtlinie gilt f\u00fcr die Website, die unter der folgenden Adresse zug\u00e4nglich ist.<\/span><a href=\"https:\/\/www.g-art.lu\/\">\n<span data-contrast=\"auto\"><span style=\"color: #a82327;\"> https:\/\/www.g-art.lu\/<\/span> <\/span>\n<\/a><span data-contrast=\"auto\">und <\/span><span data-contrast=\"auto\">zielt auf<\/span><span data-contrast=\"auto\"> Sie dar\u00fcber zu informieren <\/span><span data-contrast=\"auto\">auf transparente Weise dar\u00fcber, wie wir sie verwenden<\/span><span data-contrast=\"auto\">. <\/span>\n<h3><strong>Wer ist der Verantwortliche f\u00fcr die Verarbeitung meiner Daten? Welche Dienste sind betroffen? <\/strong><\/h3>\n<span data-contrast=\"auto\">L<\/span><span data-contrast=\"auto\">Das Unternehmen<\/span><span data-contrast=\"none\"> G-art S.\u00e0r.l.<\/span> <span data-contrast=\"auto\">davon<\/span><span data-contrast=\"auto\"> mit Sitz in 4, Letzebuergerstrooss L-5752 Frisange<\/span><span data-contrast=\"auto\">,<\/span><span data-contrast=\"auto\"> betreibt die Website zur Information \u00fcber die angebotenen Dienste, auf die zugegriffen werden kann.<\/span><span data-contrast=\"auto\"> unter der Adresse <a href=\"https:\/\/g-art.lu\/\"><span style=\"color: #a82327;\">g-art.lu<\/span><\/a><\/span><span data-contrast=\"none\">. G-Art S.\u00e0r.l.<\/span> <span data-contrast=\"auto\">ist <\/span><span data-contrast=\"auto\">der <\/span><span data-contrast=\"auto\">verantwortlich f\u00fcr<\/span><span data-contrast=\"auto\">e<\/span><span data-contrast=\"auto\"> f\u00fcr die Verarbeitung Ihrer Daten verantwortlich.<\/span>\n\n<span data-contrast=\"auto\">Der Schutz Ihrer Privatsph\u00e4re ist f\u00fcr G-Art S.\u00e0r.l. von entscheidender Bedeutung.<\/span>\n\n<span data-contrast=\"auto\">Die vorliegende Datenschutzrichtlinie informiert Sie \u00fcber <\/span> <span data-contrast=\"auto\">welche Dienste von den Daten betroffen sind <\/span><span data-contrast=\"auto\">die Erhebung Ihrer Daten <\/span><span data-contrast=\"auto\">pers\u00f6nlichen Daten. <\/span>\n<h3><strong>Wie sammeln wir Ihre Daten? Welche Daten sind betroffen? <\/strong><\/h3>\n<ol>\n \t<li><strong>A. \u00dcber das Kontaktformular gesammelte Daten <\/strong><\/li>\n<\/ol>\n<table style=\"height: 445px;\" width=\"870\" data-tablestyle=\"MsoTableGrid\" data-tablelook=\"1184\">\n<tbody>\n<tr>\n<td data-celllook=\"0\"><b><span data-contrast=\"auto\">Kategorie der Daten<\/span><\/b><\/td>\n<td data-celllook=\"0\"><b><span data-contrast=\"auto\">Detaillierte Angaben<\/span><\/b><\/td>\n<\/tr>\n<tr>\n<td data-celllook=\"0\"><span data-contrast=\"auto\">D<\/span>\n<span data-contrast=\"auto\">onsdaten<\/span>\n\n<span data-contrast=\"auto\">Pers\u00f6nliche Daten :<\/span>\n\n<span data-contrast=\"auto\">Identit\u00e4t ,Identifikationsdaten. <\/span><\/td>\n<td data-celllook=\"0\"><span data-contrast=\"auto\">Nachname, Vorname, Adresse<\/span>\n<span data-contrast=\"auto\"> Geographische<\/span>\n<span data-contrast=\"auto\">, Adresse <\/span>\n<span data-contrast=\"auto\">E-Mail<\/span>\n<span data-contrast=\"auto\">.<\/span><\/td>\n<\/tr>\n<tr>\n<td data-celllook=\"0\"><span data-contrast=\"auto\">Daten <\/span><span data-contrast=\"auto\">pers\u00f6nliche :<\/span>\n\n<span data-contrast=\"auto\">Wirtschaftliche Informationen.<\/span><\/td>\n<td data-celllook=\"0\"><span data-contrast=\"auto\">Bankdaten.<\/span><\/td>\n<\/tr>\n<tr>\n<td data-celllook=\"0\"><span data-contrast=\"auto\">Pers\u00f6nliche Daten :<\/span>\n\n<span data-contrast=\"auto\">Verbindungsdaten.<\/span><\/td>\n<td data-celllook=\"0\"><span data-contrast=\"auto\">IP-Adresse<\/span><\/td>\n<\/tr>\n<tr>\n<td data-celllook=\"0\"><span data-contrast=\"auto\">Pers\u00f6nliche Daten :<\/span>\n\n<span data-contrast=\"auto\">Standortdaten. <\/span><\/td>\n<td data-celllook=\"0\"><span data-contrast=\"auto\">Mobiltelefonnummer <\/span><\/td>\n<\/tr>\n<tr>\n<td data-celllook=\"0\"><\/td>\n<td data-celllook=\"0\"><\/td>\n<\/tr>\n<\/tbody>\n<\/table>\n&nbsp;\n<ol>\n \t<li><b><span data-contrast=\"auto\"> Daten, die gesammelt werden, wenn Sie auf der Seite surfen <a href=\"https:\/\/g-art.lu\">\n<span style=\"color: #a82327;\">g-art.lu<\/span>\n<\/a><\/span><\/b><\/li>\n<\/ol>\n<span data-contrast=\"auto\">Wir sammeln bei der Nutzung unserer Dienste Daten technischer Natur, die Folgendes umfassen k\u00f6nnen:<\/span>\n<ul>\n \t<li data-leveltext=\"\uf0b7\" data-font=\"Symbol\" data-listid=\"2\" aria-setsize=\"-1\" data-aria-posinset=\"1\" data-aria-level=\"1\"><span data-contrast=\"auto\">Ihre Anwendungs- oder Endger\u00e4tekennungen (Cookies,),<\/span><\/li>\n \t<li data-leveltext=\"\uf0b7\" data-font=\"Symbol\" data-listid=\"2\" aria-setsize=\"-1\" data-aria-posinset=\"2\" data-aria-level=\"1\"><span data-contrast=\"auto\">Informationen \u00fcber Ihre Herkunfts-URLs,<\/span><\/li>\n<\/ul>\n<ul>\n \t<li data-leveltext=\"\uf0b7\" data-font=\"Symbol\" data-listid=\"2\" aria-setsize=\"-1\" data-aria-posinset=\"1\" data-aria-level=\"1\"><span data-contrast=\"auto\">Ihre IP-Adresse,<\/span><\/li>\n \t<li data-leveltext=\"\uf0b7\" data-font=\"Symbol\" data-listid=\"2\" aria-setsize=\"-1\" data-aria-posinset=\"2\" data-aria-level=\"1\"><span data-contrast=\"auto\">Merkmale der Ger\u00e4te, die Sie f\u00fcr den Zugriff auf unsere Dienste verwenden (Ger\u00e4temodell, Art des Betriebssystems, Browsertyp und -version, verwendete Sprache),<\/span><\/li>\n \t<li data-leveltext=\"\uf0b7\" data-font=\"Symbol\" data-listid=\"2\" aria-setsize=\"-1\" data-aria-posinset=\"3\" data-aria-level=\"1\"><span data-contrast=\"auto\">die Art der Netzwerkverbindung, die Sie verwenden (Wi-Fi, 4G, Bluetooth &#8230;),<\/span><\/li>\n<\/ul>\n&nbsp;\n<h3><b><span data-contrast=\"auto\">Wie lange speichern Sie meine Daten?<\/span><\/b><\/h3>\n<span data-contrast=\"auto\">In der folgenden Tabelle haben wir die verschiedenen Aufbewahrungsfristen f\u00fcr Ihre Daten festgelegt:<\/span>\n<table data-tablestyle=\"MsoTableGrid\" data-tablelook=\"1184\">\n<tbody>\n<tr>\n<td data-celllook=\"0\"><b><span data-contrast=\"auto\">Betroffene Daten<\/span><\/b><\/td>\n<td data-celllook=\"0\"><b><span data-contrast=\"auto\">Dauer der Aufbewahrung<\/span><\/b><\/td>\n<\/tr>\n<tr>\n<td data-celllook=\"0\">&nbsp;\n\n<span data-contrast=\"auto\">Daten, die f\u00fcr die Verwaltung von Bestellungen und die Rechnungsstellung erforderlich sind<\/span><\/td>\n<td data-celllook=\"0\">&nbsp;\n\n<span data-contrast=\"auto\">W\u00e4hrend der gesamten Dauer der Gesch\u00e4ftsbeziehung und zehn (10) Jahre im Hinblick auf die Buchf\u00fchrungspflichten.<\/span>\n\n&nbsp;<\/td>\n<\/tr>\n<tr>\n<td data-celllook=\"0\">&nbsp;\n\n<span data-contrast=\"auto\">Daten \u00fcber Zahlungsmittel <\/span><\/td>\n<td data-celllook=\"0\">&nbsp;\n\n<span data-contrast=\"auto\">C<\/span><span data-contrast=\"auto\">ie Daten werden nicht von der<\/span><span data-contrast=\"auto\">Unternehmen<\/span><span data-contrast=\"auto\"> G-art S.\u00e0r.l. gespeichert,<\/span> <span data-contrast=\"auto\">Sie werden bei der Transaktion erfasst. <\/span><span data-contrast=\"auto\">der Transaktion erfasst und sofort nach der Bezahlung des Kaufs gel\u00f6scht.<\/span>\n\n&nbsp;<\/td>\n<\/tr>\n<tr>\n<td data-celllook=\"0\">&nbsp;\n\n<span data-contrast=\"auto\">Pers\u00f6nliche Daten <\/span>\n\n&nbsp;\n\n&nbsp;<\/td>\n<td data-celllook=\"0\">&nbsp;\n\n<span data-contrast=\"auto\">Diese Daten werden erst nach drei Jahren gel\u00f6scht. <\/span><\/td>\n<\/tr>\n<\/tbody>\n<\/table>\n&nbsp;\n<h3><b><span data-contrast=\"auto\">Welche Rechte habe ich in Bezug auf meine Daten?<\/span><\/b><\/h3>\n<span data-contrast=\"auto\">Co<\/span><span data-contrast=\"auto\">ngem\u00e4\u00df <\/span><span data-contrast=\"auto\">unter<\/span><span data-contrast=\"auto\"> R<\/span><span data-contrast=\"auto\">\u00df der Allgemeinen Relti<\/span><span data-contrast=\"auto\">f<\/span><span data-contrast=\"auto\"> \u00fcber den Schutz personenbezogener Daten (DSGVO)<\/span><span data-contrast=\"auto\">Sie haben die folgenden Rechte<\/span>\n<ul>\n \t<li data-leveltext=\"\uf0b7\" data-font=\"Symbol\" data-listid=\"3\" aria-setsize=\"-1\" data-aria-posinset=\"1\" data-aria-level=\"1\"><span data-contrast=\"auto\">Recht auf Auskunft (<\/span><span style=\"color: #a82327;\">\n<a style=\"color: #a82327;\" href=\"https:\/\/www.cnil.fr\/fr\/reglement-europeen-protection-donnees\/chapitre3#Article15\">Artikel 15 DSGVO<\/a>\n<\/span><span data-contrast=\"auto\">), auf Berichtigung (<\/span><a href=\"https:\/\/www.cnil.fr\/fr\/reglement-europeen-protection-donnees\/chapitre3#Article16\">\n<span data-contrast=\"none\">\n<span style=\"color: #a82327;\">Artikel 16 DSGVO<\/span>\n<\/span>\n<\/a><span data-contrast=\"auto\">), auf Aktualisierung, auf Vervollst\u00e4ndigung Ihrer Daten<\/span><\/li>\n \t<li data-leveltext=\"\uf0b7\" data-font=\"Symbol\" data-listid=\"3\" aria-setsize=\"-1\" data-aria-posinset=\"2\" data-aria-level=\"1\"><span data-contrast=\"auto\">Recht auf Sperrung oder L\u00f6schung Ihrer personenbezogenen Daten (<\/span><span style=\"color: #a82327;\">\n<a style=\"color: #a82327;\" href=\"https:\/\/www.cnil.fr\/fr\/reglement-europeen-protection-donnees\/chapitre3#Article17\">Artikel 17 DSGVO<\/a>\n<\/span><span data-contrast=\"auto\">), wenn sie unrichtig, unvollst\u00e4ndig, zweideutig oder veraltet sind oder deren Erhebung, Nutzung, Weitergabe oder Aufbewahrung verboten ist<\/span><\/li>\n<\/ul>\n<ul>\n \t<li data-leveltext=\"\uf0b7\" data-font=\"Symbol\" data-listid=\"3\" aria-setsize=\"-1\" data-aria-posinset=\"1\" data-aria-level=\"1\"><span data-contrast=\"auto\">Recht auf Einschr\u00e4nkung der Verarbeitung Ihrer Daten (<\/span><a href=\"https:\/\/www.cnil.fr\/fr\/reglement-europeen-protection-donnees\/chapitre3#Article18\">\n<span data-contrast=\"none\">\n<span style=\"color: #a82327;\">Artikel 18 DSGVO<\/span>\n<\/span>\n<\/a><span data-contrast=\"auto\">)<\/span><\/li>\n \t<li data-leveltext=\"\uf0b7\" data-font=\"Symbol\" data-listid=\"3\" aria-setsize=\"-1\" data-aria-posinset=\"2\" data-aria-level=\"1\"><span data-contrast=\"auto\">Recht auf Widerspruch gegen die Verarbeitung Ihrer Daten (<\/span><a href=\"https:\/\/www.cnil.fr\/fr\/reglement-europeen-protection-donnees\/chapitre3#Article21\">\n<span data-contrast=\"none\">\n<span style=\"color: #a82327;\">Artikel 21 DSGVO<\/span>\n<\/span>\n<\/a><span data-contrast=\"auto\">)<\/span><\/li>\n \t<li data-leveltext=\"\uf0b7\" data-font=\"Symbol\" data-listid=\"3\" aria-setsize=\"-1\" data-aria-posinset=\"3\" data-aria-level=\"1\"><span data-contrast=\"auto\">Recht auf \u00dcbertragbarkeit der von Ihnen bereitgestellten Daten, wenn Ihre Daten Gegenstand einer automatisierten Verarbeitung sind, die auf Ihrer Einwilligung oder auf einem Vertrag beruht (<\/span><span style=\"color: #a82327;\">\n<a style=\"color: #a82327;\" href=\"https:\/\/www.cnil.fr\/fr\/reglement-europeen-protection-donnees\/chapitre3#Article20\">Artikel 20 DSGVO<\/a>\n<\/span><span data-contrast=\"auto\">)<\/span><\/li>\n<\/ul>\n<span data-contrast=\"auto\">Diese Rechte k\u00f6nnen wie unten beschrieben ausge\u00fcbt werden.<\/span><span data-contrast=\"auto\">.<\/span>\n\n&nbsp;\n<h3><b><span data-contrast=\"auto\">Wer sind die Empf\u00e4nger meiner Daten? <\/span><\/b><\/h3>\n<span data-contrast=\"auto\">Die Adressaten sind die p<\/span><span data-contrast=\"auto\">npersonen<\/span><span data-contrast=\"auto\">s<\/span><span data-contrast=\"auto\"> Berechtigte<\/span><span data-contrast=\"auto\">s<\/span><span data-contrast=\"auto\"> Ihre Daten zu erhalten<\/span><span data-contrast=\"auto\"> Ihre<\/span><span data-contrast=\"auto\"> Daten aufgrund ihrer Aufgaben.<\/span>\n\n<span data-contrast=\"auto\">Im Rahmen unserer Aktivit\u00e4ten, <\/span><span data-contrast=\"auto\">l<\/span><span data-contrast=\"auto\">ie Dienstleistungen<\/span><span data-contrast=\"auto\">,<\/span> <span data-contrast=\"auto\">die<\/span><span data-contrast=\"auto\"> Rechnungsstellung der<\/span><span data-contrast=\"auto\">des Unternehmens<\/span><span data-contrast=\"auto\"> G-art S.\u00e0r.l.<\/span> <span data-contrast=\"auto\">sind Empf\u00e4nger aller Datenkategorien.<\/span>\n\n<span data-contrast=\"auto\">Die<\/span><span data-contrast=\"auto\"> Subunternehmer<\/span><span data-contrast=\"auto\"> von <\/span><span data-contrast=\"auto\">l<\/span><span data-contrast=\"auto\">&#8218;Unternehmen<\/span><span data-contrast=\"auto\">Die Auftragnehmer des Unternehmens sind Empf\u00e4nger der Identit\u00e4t, der Adresse und der Telefonnummer unserer Kunden.<\/span>\n\n&nbsp;\n<h3><b><span data-contrast=\"auto\">Kann ich weitere Informationen erhalten? Hilfe bekommen?<\/span><\/b><\/h3>\n<span data-contrast=\"auto\">Bei Fragen zur Verarbeitung Ihrer Daten durch die<\/span><span data-contrast=\"auto\">Unternehmen<\/span><span data-contrast=\"auto\"> G-art S.\u00e0r.l.<\/span><span data-contrast=\"auto\">, v<\/span><span data-contrast=\"auto\">k\u00f6nnen Sie sich an den <\/span><span data-contrast=\"auto\">Datenschutzbeauftragter <\/span><span data-contrast=\"auto\">vertraulich \u00fcber diese E-Mail-Adresse erreichen: <\/span><a href=\"mailto:info@g-art.lu\">\n<span style=\"color: #a82327;\">info@g-art.lu <\/span>\n<\/a>\n\n<span data-contrast=\"auto\">Sie verf\u00fcgen \u00fcber<\/span><span data-contrast=\"auto\"> auch<\/span><span data-contrast=\"auto\"> das Recht, eine Beschwerde einzureichen <\/span><span data-contrast=\"auto\">bei der Datenschutzbeh\u00f6rde <\/span><span data-contrast=\"auto\">unter den auf ihrer Website angegebenen Bedingungen : <\/span>\n<span style=\"color: #a82327;\"><a style=\"color: #a82327;\" href=\"https:\/\/cnpd.public.lu\/fr\/dossiers-thematiques\/Reglement-general-sur-la-protection-des-donnees.html\" target=\"_blank\" rel=\"noopener\">CNPD \u00d6ffentlich<\/a> <\/span>\n\n&nbsp;\n<h3><b><span data-contrast=\"auto\">Wie kann ich meine Rechte in Bezug auf meine Daten aus\u00fcben?<\/span><\/b><\/h3>\n<span data-contrast=\"none\">Sie k\u00f6nnen Ihre anderen Rechte per E-Mail aus\u00fcben, indem Sie das Recht, das Sie aus\u00fcben m\u00f6chten, in der Betreffzeile Ihrer E-Mail angeben:<\/span> <span style=\"color: #a82327;\">\n<a style=\"color: #a82327;\" href=\"mailto:info@g-art.lu\">info@g-art.lu<\/a>\n<\/span> <span data-contrast=\"none\">Zugang, \u00dcbertragbarkeit, Einschr\u00e4nkung, Widerspruch aus Gr\u00fcnden, die sich aus Ihrer besonderen Situation ergeben. Die Aus\u00fcbung Ihrer Rechte auf Zugang und \u00dcbertragbarkeit erfordert, dass die Daten, f\u00fcr die Sie Ihre Rechte aus\u00fcben, mit der E-Mail-Adresse verkn\u00fcpft werden, die Sie zur Durchf\u00fchrung Ihrer Anfrage verwendet haben. Sie erhalten dann innerhalb von einem Monat nach Eingang Ihrer Anfrage eine Antwort.<\/span>\t\t\t\t\t\t<\/div>\n\t\t\t\t<\/div>\n\t\t\t\t\t<\/div>\n\t\t<\/div>\n\t\t\t\t\t<\/div>\n\t\t<\/section>\n\t\t\t\t<\/div>\n\t\t","protected":false},"excerpt":{"rendered":"<p>G-ART Datenschutzrichtlinie Diese Datenschutzrichtlinie gilt f\u00fcr die Website, die unter der folgenden Adresse zug\u00e4nglich ist. Home und zielt auf Sie dar\u00fcber zu informieren auf transparente Weise dar\u00fcber, wie wir sie verwenden. Wer ist der Verantwortliche f\u00fcr die Verarbeitung meiner Daten? Welche Dienste sind betroffen? LDas Unternehmen G-art S.\u00e0r.l. davon mit Sitz in 4, Letzebuergerstrooss L-5752 [&hellip;]<\/p>\n","protected":false},"author":4,"featured_media":0,"parent":0,"menu_order":0,"comment_status":"closed","ping_status":"closed","template":"elementor_header_footer","meta":{"_acf_changed":false,"inline_featured_image":false,"footnotes":""},"class_list":["post-4855","page","type-page","status-publish","hentry"],"acf":[],"yoast_head":"<!-- This site is optimized with the Yoast SEO plugin v23.1 - https:\/\/yoast.com\/wordpress\/plugins\/seo\/ -->\n<title>Datenschutzrichtlinie - G-ART Luxembourg<\/title>\n<meta name=\"robots\" content=\"index, follow, max-snippet:-1, max-image-preview:large, max-video-preview:-1\" \/>\n<link rel=\"canonical\" href=\"https:\/\/g-art.lu\/de\/datenschutzrichtlinie\" \/>\n<meta property=\"og:locale\" content=\"de_DE\" \/>\n<meta property=\"og:type\" content=\"article\" \/>\n<meta property=\"og:title\" content=\"Datenschutzrichtlinie - G-ART Luxembourg\" \/>\n<meta property=\"og:description\" content=\"G-ART Datenschutzrichtlinie Diese Datenschutzrichtlinie gilt f\u00fcr die Website, die unter der folgenden Adresse zug\u00e4nglich ist. Home und zielt auf Sie dar\u00fcber zu informieren auf transparente Weise dar\u00fcber, wie wir sie verwenden. Wer ist der Verantwortliche f\u00fcr die Verarbeitung meiner Daten? Welche Dienste sind betroffen? LDas Unternehmen G-art S.\u00e0r.l. davon mit Sitz in 4, Letzebuergerstrooss L-5752 [&hellip;]\" \/>\n<meta property=\"og:url\" content=\"https:\/\/g-art.lu\/de\/datenschutzrichtlinie\" \/>\n<meta property=\"og:site_name\" content=\"G-ART Luxembourg\" \/>\n<meta property=\"article:publisher\" content=\"https:\/\/www.facebook.com\/people\/G-art\/100063485375461\/\" \/>\n<meta property=\"article:modified_time\" content=\"2022-10-24T13:39:09+00:00\" \/>\n<meta name=\"twitter:card\" content=\"summary_large_image\" \/>\n<meta name=\"twitter:label1\" content=\"Gesch\u00e4tzte Lesezeit\" \/>\n\t<meta name=\"twitter:data1\" content=\"4 Minuten\" \/>\n<script type=\"application\/ld+json\" class=\"yoast-schema-graph\">{\"@context\":\"https:\/\/schema.org\",\"@graph\":[{\"@type\":\"WebPage\",\"@id\":\"https:\/\/g-art.lu\/de\/datenschutzrichtlinie\",\"url\":\"https:\/\/g-art.lu\/de\/datenschutzrichtlinie\",\"name\":\"Datenschutzrichtlinie - G-ART Luxembourg\",\"isPartOf\":{\"@id\":\"https:\/\/g-art.lu\/de#website\"},\"datePublished\":\"2022-07-22T12:26:51+00:00\",\"dateModified\":\"2022-10-24T13:39:09+00:00\",\"inLanguage\":\"de-DE\",\"potentialAction\":[{\"@type\":\"ReadAction\",\"target\":[\"https:\/\/g-art.lu\/de\/datenschutzrichtlinie\"]}]},{\"@type\":\"WebSite\",\"@id\":\"https:\/\/g-art.lu\/de#website\",\"url\":\"https:\/\/g-art.lu\/de\",\"name\":\"G-ART Luxembourg\",\"description\":\"We print sportswear \",\"publisher\":{\"@id\":\"https:\/\/g-art.lu\/de#organization\"},\"potentialAction\":[{\"@type\":\"SearchAction\",\"target\":{\"@type\":\"EntryPoint\",\"urlTemplate\":\"https:\/\/g-art.lu\/de?s={search_term_string}\"},\"query-input\":\"required name=search_term_string\"}],\"inLanguage\":\"de-DE\"},{\"@type\":\"Organization\",\"@id\":\"https:\/\/g-art.lu\/de#organization\",\"name\":\"G-ART Luxembourg\",\"url\":\"https:\/\/g-art.lu\/de\",\"logo\":{\"@type\":\"ImageObject\",\"inLanguage\":\"de-DE\",\"@id\":\"https:\/\/g-art.lu\/de#\/schema\/logo\/image\/\",\"url\":\"https:\/\/g-art.lu\/wp-content\/uploads\/2022\/05\/new-g-art-logo-black.svg\",\"contentUrl\":\"https:\/\/g-art.lu\/wp-content\/uploads\/2022\/05\/new-g-art-logo-black.svg\",\"width\":1180,\"height\":500,\"caption\":\"G-ART Luxembourg\"},\"image\":{\"@id\":\"https:\/\/g-art.lu\/de#\/schema\/logo\/image\/\"},\"sameAs\":[\"https:\/\/www.facebook.com\/people\/G-art\/100063485375461\/\"]}]}<\/script>\n<!-- \/ Yoast SEO plugin. -->","yoast_head_json":{"title":"Datenschutzrichtlinie - G-ART Luxembourg","robots":{"index":"index","follow":"follow","max-snippet":"max-snippet:-1","max-image-preview":"max-image-preview:large","max-video-preview":"max-video-preview:-1"},"canonical":"https:\/\/g-art.lu\/de\/datenschutzrichtlinie","og_locale":"de_DE","og_type":"article","og_title":"Datenschutzrichtlinie - G-ART Luxembourg","og_description":"G-ART Datenschutzrichtlinie Diese Datenschutzrichtlinie gilt f\u00fcr die Website, die unter der folgenden Adresse zug\u00e4nglich ist. Home und zielt auf Sie dar\u00fcber zu informieren auf transparente Weise dar\u00fcber, wie wir sie verwenden. Wer ist der Verantwortliche f\u00fcr die Verarbeitung meiner Daten? Welche Dienste sind betroffen? LDas Unternehmen G-art S.\u00e0r.l. davon mit Sitz in 4, Letzebuergerstrooss L-5752 [&hellip;]","og_url":"https:\/\/g-art.lu\/de\/datenschutzrichtlinie","og_site_name":"G-ART Luxembourg","article_publisher":"https:\/\/www.facebook.com\/people\/G-art\/100063485375461\/","article_modified_time":"2022-10-24T13:39:09+00:00","twitter_card":"summary_large_image","twitter_misc":{"Gesch\u00e4tzte Lesezeit":"4 Minuten"},"schema":{"@context":"https:\/\/schema.org","@graph":[{"@type":"WebPage","@id":"https:\/\/g-art.lu\/de\/datenschutzrichtlinie","url":"https:\/\/g-art.lu\/de\/datenschutzrichtlinie","name":"Datenschutzrichtlinie - G-ART Luxembourg","isPartOf":{"@id":"https:\/\/g-art.lu\/de#website"},"datePublished":"2022-07-22T12:26:51+00:00","dateModified":"2022-10-24T13:39:09+00:00","inLanguage":"de-DE","potentialAction":[{"@type":"ReadAction","target":["https:\/\/g-art.lu\/de\/datenschutzrichtlinie"]}]},{"@type":"WebSite","@id":"https:\/\/g-art.lu\/de#website","url":"https:\/\/g-art.lu\/de","name":"G-ART Luxembourg","description":"We print sportswear ","publisher":{"@id":"https:\/\/g-art.lu\/de#organization"},"potentialAction":[{"@type":"SearchAction","target":{"@type":"EntryPoint","urlTemplate":"https:\/\/g-art.lu\/de?s={search_term_string}"},"query-input":"required name=search_term_string"}],"inLanguage":"de-DE"},{"@type":"Organization","@id":"https:\/\/g-art.lu\/de#organization","name":"G-ART Luxembourg","url":"https:\/\/g-art.lu\/de","logo":{"@type":"ImageObject","inLanguage":"de-DE","@id":"https:\/\/g-art.lu\/de#\/schema\/logo\/image\/","url":"https:\/\/g-art.lu\/wp-content\/uploads\/2022\/05\/new-g-art-logo-black.svg","contentUrl":"https:\/\/g-art.lu\/wp-content\/uploads\/2022\/05\/new-g-art-logo-black.svg","width":1180,"height":500,"caption":"G-ART Luxembourg"},"image":{"@id":"https:\/\/g-art.lu\/de#\/schema\/logo\/image\/"},"sameAs":["https:\/\/www.facebook.com\/people\/G-art\/100063485375461\/"]}]}},"_links":{"self":[{"href":"https:\/\/g-art.lu\/de\/wp-json\/wp\/v2\/pages\/4855"}],"collection":[{"href":"https:\/\/g-art.lu\/de\/wp-json\/wp\/v2\/pages"}],"about":[{"href":"https:\/\/g-art.lu\/de\/wp-json\/wp\/v2\/types\/page"}],"author":[{"embeddable":true,"href":"https:\/\/g-art.lu\/de\/wp-json\/wp\/v2\/users\/4"}],"replies":[{"embeddable":true,"href":"https:\/\/g-art.lu\/de\/wp-json\/wp\/v2\/comments?post=4855"}],"version-history":[{"count":7,"href":"https:\/\/g-art.lu\/de\/wp-json\/wp\/v2\/pages\/4855\/revisions"}],"predecessor-version":[{"id":6930,"href":"https:\/\/g-art.lu\/de\/wp-json\/wp\/v2\/pages\/4855\/revisions\/6930"}],"wp:attachment":[{"href":"https:\/\/g-art.lu\/de\/wp-json\/wp\/v2\/media?parent=4855"}],"curies":[{"name":"wp","href":"https:\/\/api.w.org\/{rel}","templated":true}]}}