{"id":7429,"date":"2022-12-15T12:12:56","date_gmt":"2022-12-15T11:12:56","guid":{"rendered":"https:\/\/g-art.lu\/haeufig-gestellte-fragen"},"modified":"2023-03-06T17:18:43","modified_gmt":"2023-03-06T16:18:43","slug":"haeufig-gestellte-fragen","status":"publish","type":"page","link":"https:\/\/g-art.lu\/de\/haeufig-gestellte-fragen","title":{"rendered":"H\u00e4ufig gestellte Fragen"},"content":{"rendered":"\t\t<div data-elementor-type=\"wp-page\" data-elementor-id=\"7429\" class=\"elementor elementor-7429 elementor-7409\" data-elementor-post-type=\"page\">\n\t\t\t\t\t\t<section class=\"elementor-section elementor-top-section elementor-element elementor-element-354a958 elementor-section-height-full elementor-section-boxed elementor-section-height-default elementor-section-items-middle\" data-id=\"354a958\" data-element_type=\"section\">\n\t\t\t\t\t\t<div class=\"elementor-container elementor-column-gap-default\">\n\t\t\t\t\t<div class=\"elementor-column elementor-col-100 elementor-top-column elementor-element elementor-element-e828e95\" data-id=\"e828e95\" data-element_type=\"column\">\n\t\t\t<div class=\"elementor-widget-wrap elementor-element-populated\">\n\t\t\t\t\t\t<div class=\"elementor-element elementor-element-3d7902f elementor-widget elementor-widget-heading\" data-id=\"3d7902f\" data-element_type=\"widget\" data-widget_type=\"heading.default\">\n\t\t\t\t<div class=\"elementor-widget-container\">\n\t\t\t<style>\/*! elementor - v3.23.0 - 15-07-2024 *\/\n.elementor-heading-title{padding:0;margin:0;line-height:1}.elementor-widget-heading .elementor-heading-title[class*=elementor-size-]>a{color:inherit;font-size:inherit;line-height:inherit}.elementor-widget-heading .elementor-heading-title.elementor-size-small{font-size:15px}.elementor-widget-heading .elementor-heading-title.elementor-size-medium{font-size:19px}.elementor-widget-heading .elementor-heading-title.elementor-size-large{font-size:29px}.elementor-widget-heading .elementor-heading-title.elementor-size-xl{font-size:39px}.elementor-widget-heading .elementor-heading-title.elementor-size-xxl{font-size:59px}<\/style><h2 class=\"elementor-heading-title elementor-size-default\">H\u00e4ufig gestellte Fragen<\/h2>\t\t<\/div>\n\t\t\t\t<\/div>\n\t\t\t\t<div class=\"elementor-element elementor-element-ccbb8d5 elementor-widget elementor-widget-pp-advanced-accordion\" data-id=\"ccbb8d5\" data-element_type=\"widget\" data-settings=\"{&quot;accordion_type&quot;:&quot;accordion&quot;,&quot;toggle_speed&quot;:300}\" data-widget_type=\"pp-advanced-accordion.default\">\n\t\t\t\t<div class=\"elementor-widget-container\">\n\t\t\t\t\t<div class=\"pp-advanced-accordion pp-toggle-icon-align-right\" id=\"pp-advanced-accordion-ccbb8d5\" data-accordion-id=\"ccbb8d5\" role=\"tablist\">\n\t\t\t\t\t\t\t<div class=\"pp-accordion-item\">\n\t\t\t\t\t\t\t\t\t\t<div id=\"pp-accordion-tab-title-2141\" class=\"pp-accordion-tab-title\" tabindex=\"0\" data-tab=\"1\" role=\"tab\" aria-controls=\"pp-accordion-tab-content-2141\" aria-expanded=\"false\">\n\t\t\t\t\t\t<span class=\"pp-accordion-title-icon\">\n\t\t\t\t\t\t\t\t\t\t\t\t\t\t\t<span class=\"pp-accordion-tab-icon pp-icon\">\n\t\t\t\t\t\t\t\t\t<svg xmlns=\"http:\/\/www.w3.org\/2000\/svg\" xmlns:xlink=\"http:\/\/www.w3.org\/1999\/xlink\" xmlns:svgjs=\"http:\/\/svgjs.com\/svgjs\" width=\"512\" height=\"512\" x=\"0\" y=\"0\" viewBox=\"0 0 24 24\" style=\"enable-background:new 0 0 512 512\" xml:space=\"preserve\">  <g>    <g id=\"check\">      <path d=\"m19 22h-14c-1.6542969 0-3-1.3457031-3-3v-14c0-1.6542969 1.3457031-3 3-3h14c1.6542969 0 3 1.3457031 3 3v14c0 1.6542969-1.3457031 3-3 3zm-14-18c-.5517578 0-1 .4487305-1 1v14c0 .5512695.4482422 1 1 1h14c.5517578 0 1-.4487305 1-1v-14c0-.5512695-.4482422-1-1-1zm6.4570313 11.2070313 5-5c.390625-.390625.390625-1.0234375 0-1.4140625s-1.0234375-.390625-1.4140625 0l-4.2929688 4.2929687-1.7929688-1.7929688c-.390625-.390625-1.0234375-.390625-1.4140625 0s-.390625 1.0234375 0 1.4140625l2.5 2.5c.1953126.1953126.4511719.2929688.7070313.2929688s.5117188-.0976562.7070313-.2929687z\" fill=\"#a82327\" data-original=\"#000000\"><\/path>    <\/g>  <\/g><\/svg>\t\t\t\t\t\t\t\t<\/span>\n\t\t\t\t\t\t\t\t\t\t\t\t\t\t<span class=\"pp-accordion-title-text\">\n\t\t\t\t\t\t\t\tKann mein Sportverein auch Teil Ihres Fanshops sein?\t\t\t\t\t\t\t<\/span>\n\t\t\t\t\t\t<\/span>\n\t\t\t\t\t\t\t\t\t\t\t\t\t<div class=\"pp-accordion-toggle-icon\">\n\t\t\t\t\t\t\t\t\t\t\t\t\t\t\t\t\t<span class='pp-accordion-toggle-icon-close pp-icon'>\n\t\t\t\t\t\t\t\t\t\t<i aria-hidden=\"true\" class=\"fas fa-angle-down\"><\/i>\t\t\t\t\t\t\t\t\t<\/span>\n\t\t\t\t\t\t\t\t\t\t\t\t\t\t\t\t\t\t\t\t\t\t\t\t\t<span class='pp-accordion-toggle-icon-open pp-icon'>\n\t\t\t\t\t\t\t\t\t\t<i aria-hidden=\"true\" class=\"fas fa-chevron-up\"><\/i>\t\t\t\t\t\t\t\t\t<\/span>\n\t\t\t\t\t\t\t\t\t\t\t\t\t\t\t<\/div>\n\t\t\t\t\t\t\t\t\t\t\t<\/div>\n\n\t\t\t\t\t<div id=\"pp-accordion-tab-content-2141\" class=\"pp-accordion-tab-content\" data-tab=\"1\" role=\"tabpanel\" aria-labelledby=\"pp-accordion-tab-title-2141\">\n\t\t\t\t\t\t<ul>\n<li>Nichts ist ausgeschlossen. F\u00fcr weitere Informationen wenden Sie sich bitte per E-Mail an uns.<\/li>\n<\/ul>\n\t\t\t\t\t<\/div>\n\t\t\t\t<\/div>\n\t\t\t\t\t\t\t<div class=\"pp-accordion-item\">\n\t\t\t\t\t\t\t\t\t\t<div id=\"pp-accordion-tab-title-2142\" class=\"pp-accordion-tab-title\" tabindex=\"0\" data-tab=\"2\" role=\"tab\" aria-controls=\"pp-accordion-tab-content-2142\" aria-expanded=\"false\">\n\t\t\t\t\t\t<span class=\"pp-accordion-title-icon\">\n\t\t\t\t\t\t\t\t\t\t\t\t\t\t\t<span class=\"pp-accordion-tab-icon pp-icon\">\n\t\t\t\t\t\t\t\t\t<svg xmlns=\"http:\/\/www.w3.org\/2000\/svg\" xmlns:xlink=\"http:\/\/www.w3.org\/1999\/xlink\" xmlns:svgjs=\"http:\/\/svgjs.com\/svgjs\" width=\"512\" height=\"512\" x=\"0\" y=\"0\" viewBox=\"0 0 24 24\" style=\"enable-background:new 0 0 512 512\" xml:space=\"preserve\">  <g>    <g id=\"check\">      <path d=\"m19 22h-14c-1.6542969 0-3-1.3457031-3-3v-14c0-1.6542969 1.3457031-3 3-3h14c1.6542969 0 3 1.3457031 3 3v14c0 1.6542969-1.3457031 3-3 3zm-14-18c-.5517578 0-1 .4487305-1 1v14c0 .5512695.4482422 1 1 1h14c.5517578 0 1-.4487305 1-1v-14c0-.5512695-.4482422-1-1-1zm6.4570313 11.2070313 5-5c.390625-.390625.390625-1.0234375 0-1.4140625s-1.0234375-.390625-1.4140625 0l-4.2929688 4.2929687-1.7929688-1.7929688c-.390625-.390625-1.0234375-.390625-1.4140625 0s-.390625 1.0234375 0 1.4140625l2.5 2.5c.1953126.1953126.4511719.2929688.7070313.2929688s.5117188-.0976562.7070313-.2929687z\" fill=\"#a82327\" data-original=\"#000000\"><\/path>    <\/g>  <\/g><\/svg>\t\t\t\t\t\t\t\t<\/span>\n\t\t\t\t\t\t\t\t\t\t\t\t\t\t<span class=\"pp-accordion-title-text\">\n\t\t\t\t\t\t\t\tWie lange dauert es, bis meine Bestellung bearbeitet wird?\t\t\t\t\t\t\t<\/span>\n\t\t\t\t\t\t<\/span>\n\t\t\t\t\t\t\t\t\t\t\t\t\t<div class=\"pp-accordion-toggle-icon\">\n\t\t\t\t\t\t\t\t\t\t\t\t\t\t\t\t\t<span class='pp-accordion-toggle-icon-close pp-icon'>\n\t\t\t\t\t\t\t\t\t\t<i aria-hidden=\"true\" class=\"fas fa-angle-down\"><\/i>\t\t\t\t\t\t\t\t\t<\/span>\n\t\t\t\t\t\t\t\t\t\t\t\t\t\t\t\t\t\t\t\t\t\t\t\t\t<span class='pp-accordion-toggle-icon-open pp-icon'>\n\t\t\t\t\t\t\t\t\t\t<i aria-hidden=\"true\" class=\"fas fa-chevron-up\"><\/i>\t\t\t\t\t\t\t\t\t<\/span>\n\t\t\t\t\t\t\t\t\t\t\t\t\t\t\t<\/div>\n\t\t\t\t\t\t\t\t\t\t\t<\/div>\n\n\t\t\t\t\t<div id=\"pp-accordion-tab-content-2142\" class=\"pp-accordion-tab-content\" data-tab=\"2\" role=\"tabpanel\" aria-labelledby=\"pp-accordion-tab-title-2142\">\n\t\t\t\t\t\t<ul>\n<li>Rechnen Sie mit 10-14 Werktagen nach dem Kauf Ihrer Artikel, wir bearbeiten Ihre Bestellung so schnell wie m\u00f6glich.<\/li>\n<\/ul>\n\t\t\t\t\t<\/div>\n\t\t\t\t<\/div>\n\t\t\t\t\t\t\t<div class=\"pp-accordion-item\">\n\t\t\t\t\t\t\t\t\t\t<div id=\"pp-accordion-tab-title-2143\" class=\"pp-accordion-tab-title\" tabindex=\"0\" data-tab=\"3\" role=\"tab\" aria-controls=\"pp-accordion-tab-content-2143\" aria-expanded=\"false\">\n\t\t\t\t\t\t<span class=\"pp-accordion-title-icon\">\n\t\t\t\t\t\t\t\t\t\t\t\t\t\t\t<span class=\"pp-accordion-tab-icon pp-icon\">\n\t\t\t\t\t\t\t\t\t<svg xmlns=\"http:\/\/www.w3.org\/2000\/svg\" xmlns:xlink=\"http:\/\/www.w3.org\/1999\/xlink\" xmlns:svgjs=\"http:\/\/svgjs.com\/svgjs\" width=\"512\" height=\"512\" x=\"0\" y=\"0\" viewBox=\"0 0 24 24\" style=\"enable-background:new 0 0 512 512\" xml:space=\"preserve\">  <g>    <g id=\"check\">      <path d=\"m19 22h-14c-1.6542969 0-3-1.3457031-3-3v-14c0-1.6542969 1.3457031-3 3-3h14c1.6542969 0 3 1.3457031 3 3v14c0 1.6542969-1.3457031 3-3 3zm-14-18c-.5517578 0-1 .4487305-1 1v14c0 .5512695.4482422 1 1 1h14c.5517578 0 1-.4487305 1-1v-14c0-.5512695-.4482422-1-1-1zm6.4570313 11.2070313 5-5c.390625-.390625.390625-1.0234375 0-1.4140625s-1.0234375-.390625-1.4140625 0l-4.2929688 4.2929687-1.7929688-1.7929688c-.390625-.390625-1.0234375-.390625-1.4140625 0s-.390625 1.0234375 0 1.4140625l2.5 2.5c.1953126.1953126.4511719.2929688.7070313.2929688s.5117188-.0976562.7070313-.2929687z\" fill=\"#a82327\" data-original=\"#000000\"><\/path>    <\/g>  <\/g><\/svg>\t\t\t\t\t\t\t\t<\/span>\n\t\t\t\t\t\t\t\t\t\t\t\t\t\t<span class=\"pp-accordion-title-text\">\n\t\t\t\t\t\t\t\tWie kann ich sicher sein, dass die Gr\u00f6\u00dfe passt?\t\t\t\t\t\t\t<\/span>\n\t\t\t\t\t\t<\/span>\n\t\t\t\t\t\t\t\t\t\t\t\t\t<div class=\"pp-accordion-toggle-icon\">\n\t\t\t\t\t\t\t\t\t\t\t\t\t\t\t\t\t<span class='pp-accordion-toggle-icon-close pp-icon'>\n\t\t\t\t\t\t\t\t\t\t<i aria-hidden=\"true\" class=\"fas fa-angle-down\"><\/i>\t\t\t\t\t\t\t\t\t<\/span>\n\t\t\t\t\t\t\t\t\t\t\t\t\t\t\t\t\t\t\t\t\t\t\t\t\t<span class='pp-accordion-toggle-icon-open pp-icon'>\n\t\t\t\t\t\t\t\t\t\t<i aria-hidden=\"true\" class=\"fas fa-chevron-up\"><\/i>\t\t\t\t\t\t\t\t\t<\/span>\n\t\t\t\t\t\t\t\t\t\t\t\t\t\t\t<\/div>\n\t\t\t\t\t\t\t\t\t\t\t<\/div>\n\n\t\t\t\t\t<div id=\"pp-accordion-tab-content-2143\" class=\"pp-accordion-tab-content\" data-tab=\"3\" role=\"tabpanel\" aria-labelledby=\"pp-accordion-tab-title-2143\">\n\t\t\t\t\t\t<ul>\n<li class=\"p2\">Wir laden Sie ein, in unserem Gesch\u00e4ft vorbeizukommen und alle gew\u00fcnschten Gr\u00f6\u00dfen anzuprobieren.<\/li>\n<li class=\"p3\">Auch die Gr\u00f6\u00dfentabelle kann hilfreich sein. Sie finden es unter \"Abmessungen\", wenn Sie auf ein Produkt klicken.<\/li>\n<\/ul>\n\t\t\t\t\t<\/div>\n\t\t\t\t<\/div>\n\t\t\t\t\t\t\t<div class=\"pp-accordion-item\">\n\t\t\t\t\t\t\t\t\t\t<div id=\"pp-accordion-tab-title-2144\" class=\"pp-accordion-tab-title\" tabindex=\"0\" data-tab=\"4\" role=\"tab\" aria-controls=\"pp-accordion-tab-content-2144\" aria-expanded=\"false\">\n\t\t\t\t\t\t<span class=\"pp-accordion-title-icon\">\n\t\t\t\t\t\t\t\t\t\t\t\t\t\t\t<span class=\"pp-accordion-tab-icon pp-icon\">\n\t\t\t\t\t\t\t\t\t<svg xmlns=\"http:\/\/www.w3.org\/2000\/svg\" xmlns:xlink=\"http:\/\/www.w3.org\/1999\/xlink\" xmlns:svgjs=\"http:\/\/svgjs.com\/svgjs\" width=\"512\" height=\"512\" x=\"0\" y=\"0\" viewBox=\"0 0 24 24\" style=\"enable-background:new 0 0 512 512\" xml:space=\"preserve\">  <g>    <g id=\"check\">      <path d=\"m19 22h-14c-1.6542969 0-3-1.3457031-3-3v-14c0-1.6542969 1.3457031-3 3-3h14c1.6542969 0 3 1.3457031 3 3v14c0 1.6542969-1.3457031 3-3 3zm-14-18c-.5517578 0-1 .4487305-1 1v14c0 .5512695.4482422 1 1 1h14c.5517578 0 1-.4487305 1-1v-14c0-.5512695-.4482422-1-1-1zm6.4570313 11.2070313 5-5c.390625-.390625.390625-1.0234375 0-1.4140625s-1.0234375-.390625-1.4140625 0l-4.2929688 4.2929687-1.7929688-1.7929688c-.390625-.390625-1.0234375-.390625-1.4140625 0s-.390625 1.0234375 0 1.4140625l2.5 2.5c.1953126.1953126.4511719.2929688.7070313.2929688s.5117188-.0976562.7070313-.2929687z\" fill=\"#a82327\" data-original=\"#000000\"><\/path>    <\/g>  <\/g><\/svg>\t\t\t\t\t\t\t\t<\/span>\n\t\t\t\t\t\t\t\t\t\t\t\t\t\t<span class=\"pp-accordion-title-text\">\n\t\t\t\t\t\t\t\tWerden die Artikel automatisch zu mir nach Hause geschickt oder gibt es eine andere M\u00f6glichkeit?\t\t\t\t\t\t\t<\/span>\n\t\t\t\t\t\t<\/span>\n\t\t\t\t\t\t\t\t\t\t\t\t\t<div class=\"pp-accordion-toggle-icon\">\n\t\t\t\t\t\t\t\t\t\t\t\t\t\t\t\t\t<span class='pp-accordion-toggle-icon-close pp-icon'>\n\t\t\t\t\t\t\t\t\t\t<i aria-hidden=\"true\" class=\"fas fa-angle-down\"><\/i>\t\t\t\t\t\t\t\t\t<\/span>\n\t\t\t\t\t\t\t\t\t\t\t\t\t\t\t\t\t\t\t\t\t\t\t\t\t<span class='pp-accordion-toggle-icon-open pp-icon'>\n\t\t\t\t\t\t\t\t\t\t<i aria-hidden=\"true\" class=\"fas fa-chevron-up\"><\/i>\t\t\t\t\t\t\t\t\t<\/span>\n\t\t\t\t\t\t\t\t\t\t\t\t\t\t\t<\/div>\n\t\t\t\t\t\t\t\t\t\t\t<\/div>\n\n\t\t\t\t\t<div id=\"pp-accordion-tab-content-2144\" class=\"pp-accordion-tab-content\" data-tab=\"4\" role=\"tabpanel\" aria-labelledby=\"pp-accordion-tab-title-2144\">\n\t\t\t\t\t\t<ul><li>Beim Kauf der Artikel haben Sie die M\u00f6glichkeit, sie in unserem Gesch\u00e4ft abzuholen oder sie sich nach Hause liefern zu lassen. (Die Transportkosten werden bei Ihrem Kauf angezeigt).<\/li><\/ul>\t\t\t\t\t<\/div>\n\t\t\t\t<\/div>\n\t\t\t\t\t\t\t<div class=\"pp-accordion-item\">\n\t\t\t\t\t\t\t\t\t\t<div id=\"pp-accordion-tab-title-2145\" class=\"pp-accordion-tab-title\" tabindex=\"0\" data-tab=\"5\" role=\"tab\" aria-controls=\"pp-accordion-tab-content-2145\" aria-expanded=\"false\">\n\t\t\t\t\t\t<span class=\"pp-accordion-title-icon\">\n\t\t\t\t\t\t\t\t\t\t\t\t\t\t\t<span class=\"pp-accordion-tab-icon pp-icon\">\n\t\t\t\t\t\t\t\t\t<svg xmlns=\"http:\/\/www.w3.org\/2000\/svg\" xmlns:xlink=\"http:\/\/www.w3.org\/1999\/xlink\" xmlns:svgjs=\"http:\/\/svgjs.com\/svgjs\" width=\"512\" height=\"512\" x=\"0\" y=\"0\" viewBox=\"0 0 24 24\" style=\"enable-background:new 0 0 512 512\" xml:space=\"preserve\">  <g>    <g id=\"check\">      <path d=\"m19 22h-14c-1.6542969 0-3-1.3457031-3-3v-14c0-1.6542969 1.3457031-3 3-3h14c1.6542969 0 3 1.3457031 3 3v14c0 1.6542969-1.3457031 3-3 3zm-14-18c-.5517578 0-1 .4487305-1 1v14c0 .5512695.4482422 1 1 1h14c.5517578 0 1-.4487305 1-1v-14c0-.5512695-.4482422-1-1-1zm6.4570313 11.2070313 5-5c.390625-.390625.390625-1.0234375 0-1.4140625s-1.0234375-.390625-1.4140625 0l-4.2929688 4.2929687-1.7929688-1.7929688c-.390625-.390625-1.0234375-.390625-1.4140625 0s-.390625 1.0234375 0 1.4140625l2.5 2.5c.1953126.1953126.4511719.2929688.7070313.2929688s.5117188-.0976562.7070313-.2929687z\" fill=\"#a82327\" data-original=\"#000000\"><\/path>    <\/g>  <\/g><\/svg>\t\t\t\t\t\t\t\t<\/span>\n\t\t\t\t\t\t\t\t\t\t\t\t\t\t<span class=\"pp-accordion-title-text\">\n\t\t\t\t\t\t\t\tIch habe die falsche Gr\u00f6\u00dfe bestellt. Kann ich den Artikel einfach zur\u00fcckschicken?\t\t\t\t\t\t\t<\/span>\n\t\t\t\t\t\t<\/span>\n\t\t\t\t\t\t\t\t\t\t\t\t\t<div class=\"pp-accordion-toggle-icon\">\n\t\t\t\t\t\t\t\t\t\t\t\t\t\t\t\t\t<span class='pp-accordion-toggle-icon-close pp-icon'>\n\t\t\t\t\t\t\t\t\t\t<i aria-hidden=\"true\" class=\"fas fa-angle-down\"><\/i>\t\t\t\t\t\t\t\t\t<\/span>\n\t\t\t\t\t\t\t\t\t\t\t\t\t\t\t\t\t\t\t\t\t\t\t\t\t<span class='pp-accordion-toggle-icon-open pp-icon'>\n\t\t\t\t\t\t\t\t\t\t<i aria-hidden=\"true\" class=\"fas fa-chevron-up\"><\/i>\t\t\t\t\t\t\t\t\t<\/span>\n\t\t\t\t\t\t\t\t\t\t\t\t\t\t\t<\/div>\n\t\t\t\t\t\t\t\t\t\t\t<\/div>\n\n\t\t\t\t\t<div id=\"pp-accordion-tab-content-2145\" class=\"pp-accordion-tab-content\" data-tab=\"5\" role=\"tabpanel\" aria-labelledby=\"pp-accordion-tab-title-2145\">\n\t\t\t\t\t\t<ul><li>Da Ihre Bestellung einen personalisierten Artikel erh\u00e4lt, k\u00f6nnen wir den Artikel im Falle eines Bestellfehlers nicht zur\u00fccknehmen.<\/li><\/ul>\t\t\t\t\t<\/div>\n\t\t\t\t<\/div>\n\t\t\t\t\t\t\t<div class=\"pp-accordion-item\">\n\t\t\t\t\t\t\t\t\t\t<div id=\"pp-accordion-tab-title-2146\" class=\"pp-accordion-tab-title\" tabindex=\"0\" data-tab=\"6\" role=\"tab\" aria-controls=\"pp-accordion-tab-content-2146\" aria-expanded=\"false\">\n\t\t\t\t\t\t<span class=\"pp-accordion-title-icon\">\n\t\t\t\t\t\t\t\t\t\t\t\t\t\t\t<span class=\"pp-accordion-tab-icon pp-icon\">\n\t\t\t\t\t\t\t\t\t<svg xmlns=\"http:\/\/www.w3.org\/2000\/svg\" xmlns:xlink=\"http:\/\/www.w3.org\/1999\/xlink\" xmlns:svgjs=\"http:\/\/svgjs.com\/svgjs\" width=\"512\" height=\"512\" x=\"0\" y=\"0\" viewBox=\"0 0 24 24\" style=\"enable-background:new 0 0 512 512\" xml:space=\"preserve\">  <g>    <g id=\"check\">      <path d=\"m19 22h-14c-1.6542969 0-3-1.3457031-3-3v-14c0-1.6542969 1.3457031-3 3-3h14c1.6542969 0 3 1.3457031 3 3v14c0 1.6542969-1.3457031 3-3 3zm-14-18c-.5517578 0-1 .4487305-1 1v14c0 .5512695.4482422 1 1 1h14c.5517578 0 1-.4487305 1-1v-14c0-.5512695-.4482422-1-1-1zm6.4570313 11.2070313 5-5c.390625-.390625.390625-1.0234375 0-1.4140625s-1.0234375-.390625-1.4140625 0l-4.2929688 4.2929687-1.7929688-1.7929688c-.390625-.390625-1.0234375-.390625-1.4140625 0s-.390625 1.0234375 0 1.4140625l2.5 2.5c.1953126.1953126.4511719.2929688.7070313.2929688s.5117188-.0976562.7070313-.2929687z\" fill=\"#a82327\" data-original=\"#000000\"><\/path>    <\/g>  <\/g><\/svg>\t\t\t\t\t\t\t\t<\/span>\n\t\t\t\t\t\t\t\t\t\t\t\t\t\t<span class=\"pp-accordion-title-text\">\n\t\t\t\t\t\t\t\tGibt es eine Garantie auf das Kleidungsst\u00fcck?\t\t\t\t\t\t\t<\/span>\n\t\t\t\t\t\t<\/span>\n\t\t\t\t\t\t\t\t\t\t\t\t\t<div class=\"pp-accordion-toggle-icon\">\n\t\t\t\t\t\t\t\t\t\t\t\t\t\t\t\t\t<span class='pp-accordion-toggle-icon-close pp-icon'>\n\t\t\t\t\t\t\t\t\t\t<i aria-hidden=\"true\" class=\"fas fa-angle-down\"><\/i>\t\t\t\t\t\t\t\t\t<\/span>\n\t\t\t\t\t\t\t\t\t\t\t\t\t\t\t\t\t\t\t\t\t\t\t\t\t<span class='pp-accordion-toggle-icon-open pp-icon'>\n\t\t\t\t\t\t\t\t\t\t<i aria-hidden=\"true\" class=\"fas fa-chevron-up\"><\/i>\t\t\t\t\t\t\t\t\t<\/span>\n\t\t\t\t\t\t\t\t\t\t\t\t\t\t\t<\/div>\n\t\t\t\t\t\t\t\t\t\t\t<\/div>\n\n\t\t\t\t\t<div id=\"pp-accordion-tab-content-2146\" class=\"pp-accordion-tab-content\" data-tab=\"6\" role=\"tabpanel\" aria-labelledby=\"pp-accordion-tab-title-2146\">\n\t\t\t\t\t\t<ul>\n<li class=\"p2\">Wenn der Stoff oder der Aufdruck einen Fehler aufweist, nehmen wir den betreffenden Artikel zur\u00fcck und Sie erhalten so schnell wie m\u00f6glich einen Ersatz.<\/li>\n<li class=\"p2\">Bitte informieren Sie uns so schnell wie m\u00f6glich (innerhalb einer Woche) \u00fcber den Fehler und bringen Sie uns den betroffenen Artikel.<\/li>\n<\/ul>\n\t\t\t\t\t<\/div>\n\t\t\t\t<\/div>\n\t\t\t\t\t<\/div>\n\t\t\t\t<\/div>\n\t\t\t\t<\/div>\n\t\t\t\t\t<\/div>\n\t\t<\/div>\n\t\t\t\t\t<\/div>\n\t\t<\/section>\n\t\t\t\t<\/div>\n\t\t","protected":false},"excerpt":{"rendered":"<p>H\u00e4ufig gestellte Fragen Kann mein Sportverein auch Teil Ihres Fanshops sein? Nichts ist ausgeschlossen. F\u00fcr weitere Informationen wenden Sie sich bitte per E-Mail an uns. Wie lange dauert es, bis meine Bestellung bearbeitet wird? Rechnen Sie mit 10-14 Werktagen nach dem Kauf Ihrer Artikel, wir bearbeiten Ihre Bestellung so schnell wie m\u00f6glich. Wie kann ich [&hellip;]<\/p>\n","protected":false},"author":1,"featured_media":0,"parent":0,"menu_order":0,"comment_status":"closed","ping_status":"closed","template":"elementor_header_footer","meta":{"_acf_changed":false,"inline_featured_image":false,"footnotes":""},"class_list":["post-7429","page","type-page","status-publish","hentry"],"acf":[],"yoast_head":"<!-- This site is optimized with the Yoast SEO plugin v23.1 - https:\/\/yoast.com\/wordpress\/plugins\/seo\/ -->\n<title>H\u00e4ufig gestellte Fragen - G-ART Luxembourg<\/title>\n<meta name=\"robots\" content=\"index, follow, max-snippet:-1, max-image-preview:large, max-video-preview:-1\" \/>\n<link rel=\"canonical\" href=\"https:\/\/g-art.lu\/de\/haeufig-gestellte-fragen\" \/>\n<meta property=\"og:locale\" content=\"de_DE\" \/>\n<meta property=\"og:type\" content=\"article\" \/>\n<meta property=\"og:title\" content=\"H\u00e4ufig gestellte Fragen - G-ART Luxembourg\" \/>\n<meta property=\"og:description\" content=\"H\u00e4ufig gestellte Fragen Kann mein Sportverein auch Teil Ihres Fanshops sein? Nichts ist ausgeschlossen. F\u00fcr weitere Informationen wenden Sie sich bitte per E-Mail an uns. Wie lange dauert es, bis meine Bestellung bearbeitet wird? Rechnen Sie mit 10-14 Werktagen nach dem Kauf Ihrer Artikel, wir bearbeiten Ihre Bestellung so schnell wie m\u00f6glich. Wie kann ich [&hellip;]\" \/>\n<meta property=\"og:url\" content=\"https:\/\/g-art.lu\/de\/haeufig-gestellte-fragen\" \/>\n<meta property=\"og:site_name\" content=\"G-ART Luxembourg\" \/>\n<meta property=\"article:publisher\" content=\"https:\/\/www.facebook.com\/people\/G-art\/100063485375461\/\" \/>\n<meta property=\"article:modified_time\" content=\"2023-03-06T16:18:43+00:00\" \/>\n<meta name=\"twitter:card\" content=\"summary_large_image\" \/>\n<meta name=\"twitter:label1\" content=\"Gesch\u00e4tzte Lesezeit\" \/>\n\t<meta name=\"twitter:data1\" content=\"2 Minuten\" \/>\n<script type=\"application\/ld+json\" class=\"yoast-schema-graph\">{\"@context\":\"https:\/\/schema.org\",\"@graph\":[{\"@type\":\"WebPage\",\"@id\":\"https:\/\/g-art.lu\/de\/haeufig-gestellte-fragen\",\"url\":\"https:\/\/g-art.lu\/de\/haeufig-gestellte-fragen\",\"name\":\"H\u00e4ufig gestellte Fragen - G-ART Luxembourg\",\"isPartOf\":{\"@id\":\"https:\/\/g-art.lu\/de#website\"},\"datePublished\":\"2022-12-15T11:12:56+00:00\",\"dateModified\":\"2023-03-06T16:18:43+00:00\",\"inLanguage\":\"de-DE\",\"potentialAction\":[{\"@type\":\"ReadAction\",\"target\":[\"https:\/\/g-art.lu\/de\/haeufig-gestellte-fragen\"]}]},{\"@type\":\"WebSite\",\"@id\":\"https:\/\/g-art.lu\/de#website\",\"url\":\"https:\/\/g-art.lu\/de\",\"name\":\"G-ART Luxembourg\",\"description\":\"We print sportswear \",\"publisher\":{\"@id\":\"https:\/\/g-art.lu\/de#organization\"},\"potentialAction\":[{\"@type\":\"SearchAction\",\"target\":{\"@type\":\"EntryPoint\",\"urlTemplate\":\"https:\/\/g-art.lu\/de?s={search_term_string}\"},\"query-input\":\"required name=search_term_string\"}],\"inLanguage\":\"de-DE\"},{\"@type\":\"Organization\",\"@id\":\"https:\/\/g-art.lu\/de#organization\",\"name\":\"G-ART Luxembourg\",\"url\":\"https:\/\/g-art.lu\/de\",\"logo\":{\"@type\":\"ImageObject\",\"inLanguage\":\"de-DE\",\"@id\":\"https:\/\/g-art.lu\/de#\/schema\/logo\/image\/\",\"url\":\"https:\/\/g-art.lu\/wp-content\/uploads\/2022\/05\/new-g-art-logo-black.svg\",\"contentUrl\":\"https:\/\/g-art.lu\/wp-content\/uploads\/2022\/05\/new-g-art-logo-black.svg\",\"width\":1180,\"height\":500,\"caption\":\"G-ART Luxembourg\"},\"image\":{\"@id\":\"https:\/\/g-art.lu\/de#\/schema\/logo\/image\/\"},\"sameAs\":[\"https:\/\/www.facebook.com\/people\/G-art\/100063485375461\/\"]}]}<\/script>\n<!-- \/ Yoast SEO plugin. -->","yoast_head_json":{"title":"H\u00e4ufig gestellte Fragen - G-ART Luxembourg","robots":{"index":"index","follow":"follow","max-snippet":"max-snippet:-1","max-image-preview":"max-image-preview:large","max-video-preview":"max-video-preview:-1"},"canonical":"https:\/\/g-art.lu\/de\/haeufig-gestellte-fragen","og_locale":"de_DE","og_type":"article","og_title":"H\u00e4ufig gestellte Fragen - G-ART Luxembourg","og_description":"H\u00e4ufig gestellte Fragen Kann mein Sportverein auch Teil Ihres Fanshops sein? Nichts ist ausgeschlossen. F\u00fcr weitere Informationen wenden Sie sich bitte per E-Mail an uns. Wie lange dauert es, bis meine Bestellung bearbeitet wird? Rechnen Sie mit 10-14 Werktagen nach dem Kauf Ihrer Artikel, wir bearbeiten Ihre Bestellung so schnell wie m\u00f6glich. Wie kann ich [&hellip;]","og_url":"https:\/\/g-art.lu\/de\/haeufig-gestellte-fragen","og_site_name":"G-ART Luxembourg","article_publisher":"https:\/\/www.facebook.com\/people\/G-art\/100063485375461\/","article_modified_time":"2023-03-06T16:18:43+00:00","twitter_card":"summary_large_image","twitter_misc":{"Gesch\u00e4tzte Lesezeit":"2 Minuten"},"schema":{"@context":"https:\/\/schema.org","@graph":[{"@type":"WebPage","@id":"https:\/\/g-art.lu\/de\/haeufig-gestellte-fragen","url":"https:\/\/g-art.lu\/de\/haeufig-gestellte-fragen","name":"H\u00e4ufig gestellte Fragen - G-ART Luxembourg","isPartOf":{"@id":"https:\/\/g-art.lu\/de#website"},"datePublished":"2022-12-15T11:12:56+00:00","dateModified":"2023-03-06T16:18:43+00:00","inLanguage":"de-DE","potentialAction":[{"@type":"ReadAction","target":["https:\/\/g-art.lu\/de\/haeufig-gestellte-fragen"]}]},{"@type":"WebSite","@id":"https:\/\/g-art.lu\/de#website","url":"https:\/\/g-art.lu\/de","name":"G-ART Luxembourg","description":"We print sportswear ","publisher":{"@id":"https:\/\/g-art.lu\/de#organization"},"potentialAction":[{"@type":"SearchAction","target":{"@type":"EntryPoint","urlTemplate":"https:\/\/g-art.lu\/de?s={search_term_string}"},"query-input":"required name=search_term_string"}],"inLanguage":"de-DE"},{"@type":"Organization","@id":"https:\/\/g-art.lu\/de#organization","name":"G-ART Luxembourg","url":"https:\/\/g-art.lu\/de","logo":{"@type":"ImageObject","inLanguage":"de-DE","@id":"https:\/\/g-art.lu\/de#\/schema\/logo\/image\/","url":"https:\/\/g-art.lu\/wp-content\/uploads\/2022\/05\/new-g-art-logo-black.svg","contentUrl":"https:\/\/g-art.lu\/wp-content\/uploads\/2022\/05\/new-g-art-logo-black.svg","width":1180,"height":500,"caption":"G-ART Luxembourg"},"image":{"@id":"https:\/\/g-art.lu\/de#\/schema\/logo\/image\/"},"sameAs":["https:\/\/www.facebook.com\/people\/G-art\/100063485375461\/"]}]}},"_links":{"self":[{"href":"https:\/\/g-art.lu\/de\/wp-json\/wp\/v2\/pages\/7429"}],"collection":[{"href":"https:\/\/g-art.lu\/de\/wp-json\/wp\/v2\/pages"}],"about":[{"href":"https:\/\/g-art.lu\/de\/wp-json\/wp\/v2\/types\/page"}],"author":[{"embeddable":true,"href":"https:\/\/g-art.lu\/de\/wp-json\/wp\/v2\/users\/1"}],"replies":[{"embeddable":true,"href":"https:\/\/g-art.lu\/de\/wp-json\/wp\/v2\/comments?post=7429"}],"version-history":[{"count":11,"href":"https:\/\/g-art.lu\/de\/wp-json\/wp\/v2\/pages\/7429\/revisions"}],"predecessor-version":[{"id":8090,"href":"https:\/\/g-art.lu\/de\/wp-json\/wp\/v2\/pages\/7429\/revisions\/8090"}],"wp:attachment":[{"href":"https:\/\/g-art.lu\/de\/wp-json\/wp\/v2\/media?parent=7429"}],"curies":[{"name":"wp","href":"https:\/\/api.w.org\/{rel}","templated":true}]}}